{"id":88,"date":"2012-07-24T19:17:59","date_gmt":"2012-07-24T19:17:59","guid":{"rendered":"http:\/\/amigosinstitutohistoricodc.com.br\/?page_id=88"},"modified":"2012-08-10T17:16:46","modified_gmt":"2012-08-10T17:16:46","slug":"socios-fundadores","status":"publish","type":"page","link":"https:\/\/amigosinstitutohistoricodc.com.br\/?page_id=88","title":{"rendered":"S\u00f3cios fundadores"},"content":{"rendered":"<p><strong>S\u00d3CIOS FUNDADORES<\/strong><\/p>\n<p>AGRINALDO ALVES FARIAS<br \/>\nALEXSANDRO LOUREIRO DA SILVA<br \/>\nANA MARIA MANSUR DIAS NUNES<br \/>\nANTENOR GOMES FILHO<br \/>\nCLEINA MUNIZ COSTA<br \/>\nEDELSON GAMA DE MENEZES<br \/>\nGILSON JOS\u00c9 DA SILVA<br \/>\nGILVAN JOS\u00c9 DA SILVA<br \/>\nHABACUQUE BRIGIDO DOS SANTOS<br \/>\nINGRID JUNGER DE ASSIS<br \/>\nJO\u00c3O MELEIRO DE CASTILHO<br \/>\nJOS\u00c9 CARLOS SILVA<br \/>\nJOS\u00c9 CARLOS CRUZ<br \/>\nLAURECY DE SOUZA VILLAR<br \/>\nLAURY DE SOUZA VILLAR<br \/>\nLIGIA MARIA DE LUNA<br \/>\nLUZIA LUZIETE DE OLIVEIRA LUCAS<br \/>\nMAGDA DOS SANTOS JUNGER<br \/>\nROBERTO FERREIRA DE CARVALHO<br \/>\nROBERTO LIMA DAVID<br \/>\nROBSON GAMA<br \/>\nROSELENA BRAZ VEILLARD<br \/>\nROSELI LOPES GOMES SOUZA<br \/>\nS\u00c9RGIO LOCATEL BARRETO<br \/>\nSILVANA CARVALHO DE BARROS<br \/>\nSONIA CRISTINA NOGUEIRA DE SOUZA<br \/>\nWALDOMIRO FRANCISCO DAS NEVES<br \/>\nTELMA TEIXEIRA DE LIMA<\/p>\n<p>ALDA REGINA SIQUEIRA ASSUMP\u00c7\u00c3O<br \/>\nADILSON MOREIRA FONTENELE<br \/>\nALEX DOS SANTOS DA SILVEIRA<br \/>\nALEXANDRE GASPARI RIBEIRO<br \/>\nALEXANDER MARTINS VIANNA<br \/>\nALEXANDRE DOS SANTOS MARQUES<br \/>\n\u00c1LVARO LOPES<br \/>\nANA LUCIA DA SILVA AMARO<br \/>\nANA LUCIA SILVA ENNE<br \/>\nANA MARIA DA SILVA AMARO<br \/>\nANILTON LOUREIRO DA SILVA<br \/>\nANDR\u00c9 LUIS SILVA DE OLIVEIRA<br \/>\nANDR\u00c9 LUIZ LOPES VIANNA<br \/>\nANDR\u00c9 LUIZ VILLAGELIN BIZERRA<br \/>\nANT\u00d4NIO AUGUSTO BRAZ<br \/>\nANT\u00d4NIO JORGE MATOS<br \/>\nANT\u00d4NIO JOS\u00c9 PFISTER DE FREITAS<br \/>\nANT\u00d4NIO MENDES FREIRE<br \/>\nARISTIDES FERREIRA MULIM<br \/>\nAUZENIR GONDIM E SOUZA<br \/>\nCARLOS DE S\u00c1 BEZERRA<br \/>\nCID HOMERO FERREIRA DOS SANTOS<br \/>\nCL\u00c1UDIO UMPIERRE CARLAM<br \/>\nDALVA LAZARONI DE MORAES<br \/>\nDINA SILVA GUERRA<br \/>\nDIOGO DE OLIVEIRA RAMOS<br \/>\nEDIELIO DOS SANTOS MENDON\u00c7A<br \/>\nEDVALDO SEBASTI\u00c3O DE SOUZA<br \/>\nEDUARDO DE SOUZA RIBEIRO<br \/>\nELISETE ROSA HENRIQUES<br \/>\nEMIDIO DA SILVA AMARO<br \/>\nERC\u00cdLIA CO\u00caLHO DE OLIVEIRA<br \/>\nERUNDINO LORENZO GONZALES FILHO<br \/>\nEVANDRO CYRILLO MARQUES<br \/>\nEVANGELINO NOGUEIRA FILHO<br \/>\nEUG\u00caNIO SCIAMMARELLA J\u00daNIOR<br \/>\nF\u00c1BIO MARTINS RIBEIRO<br \/>\nF\u00c1BIO PEREIRA<br \/>\nFRANCISCO BERNARDO VIEIRA<br \/>\nFRANCISCO QUIXABA SOBRINHO<br \/>\nGILBERTO JOS\u00c9 DA SILVA<br \/>\nG\u00caNESIS PEREIRA TORRES<br \/>\nGILSON RAMOS DA SILVA<br \/>\nGUILHERME PERES DE CARVALHO<br \/>\nHERALDO BEZERRA CARVALHO<br \/>\nHERMES ARAUJO MACHADO<br \/>\nIRANI FONSECA CORREIA<br \/>\n\u00cdRIS POUBEL DE MENEZES FERRARI<br \/>\nIVON ALVES DE ARA\u00daJO<br \/>\nJO\u00c3O HERCULANO DIAS<br \/>\nJOS\u00c9 REINALDO DA SILVA PASCOAL<br \/>\nJOS\u00c9 ROG\u00c9RIO LOPES DE OLIVEIRA<br \/>\nJOSU\u00c9 CARDOSO PEREIRA<br \/>\nJOSU\u00c9 CASTRO DE ALMEIDA<br \/>\nJOS\u00c9 ZUMBA CLEMENTE DA SILVA<br \/>\nLAUDIC\u00c9A CASTRO DE ALMEIDA<br \/>\nLUIZ CARLOS SILVEIRA DE CAMPOS<br \/>\nLUIZ HENRIQUE SILVA VIEIRA<br \/>\nMARIA ALICE DE OLIVEIRA DOMINICALLI<br \/>\nMANOEL MATHIAS THIB\u00daRCIO FILHO<br \/>\nMARCELO BORGES SOARES DE ALMEIDA<br \/>\nMARCO AUR\u00c9LIO TEIXEIRA BAPTISTA DE LE\u00c3O<br \/>\nMARIA DE JESUS MENDES LIMA<br \/>\nMARIA VIT\u00d3RIA SOUZA GUIMAR\u00c3ES LEAL<br \/>\nMARIA Z\u00caNIA CORREIA DOMINGUES<br \/>\nMARIZE CONCEI\u00c7\u00c3O DE JESUS<br \/>\nMARLUCIA SANTOS DE SOUZA<br \/>\nMARTHA IGNEZ DE FREITAS ROSSI<br \/>\nMESSIAS NEIVA<br \/>\nN\u00c1DIA APARECIDA TOBIAS FELIX<br \/>\nNEWTON DE ALMEIDA MENEZES<br \/>\nNEY ALBERTO GON\u00c7ALVES DE BARROS<br \/>\nNIELSON ROSA BEZERRA<br \/>\nNILSON MOREIRA CAMPOS DONIZETH<br \/>\nNIVAN ALMEIDA<br \/>\nODEMIR CAPISTRANO SILVA<br \/>\nODLAN VILLAR FARIAS<br \/>\nPAULO CESAR RAMOS PEREIRA<br \/>\nPAULO CHRISTIANO MAINHARD<br \/>\nPAULO PEDRO DA SILVA<br \/>\nPAULO ROBERTO TEIXEIRA LOPES<br \/>\nPAULO ROBERTO CLARINDO<br \/>\nPAULO ROBERTO REIS FRANCO<br \/>\nPEDRO MARC\u00cdLIO DA SILVA LEITE<br \/>\nROBERTO GASPARI RIBEIRO<br \/>\nROG\u00c9RIO TORRES DA CUNHA<br \/>\nROMEU  MENEZES DOS SANTOS<br \/>\nROSA CRISTINA DA SILVA LEITE<br \/>\nROSA NASCIMENTO DE SOUZA<br \/>\nROSANE FERREIRA LARA<br \/>\nROSANGELA DAVID W. G. DE LIMA<br \/>\nRUYTER POUBEL<br \/>\nSANDRA GODINHO MAGGESSI PEREIRA<br \/>\nSELMA CASTRO DE ALMEIDA<br \/>\nSELMA MARIA DA SILVA RODRIGUES<br \/>\nST\u00c9LIO JOS\u00c9 DA SILVA LACERDA<br \/>\nSOLANGE MARIA AMARAL DA FONSECA<br \/>\nSUELY ALVES SILVA<br \/>\nTANIA MARIA DA SILVA AMARO DE ALMEIDA<br \/>\nUBIRATAN CRUZ<br \/>\nVERA LUCIA PONCIANO DA SILVA<br \/>\nVILMA CORR\u00caA AMANCIO DA SILVA<br \/>\nWAGNER GASPARI RIBEIRO<br \/>\nWASHINGTON LUIZ JUNIOR<\/p>\n","protected":false},"excerpt":{"rendered":"<p>S\u00d3CIOS FUNDADORES AGRINALDO ALVES FARIAS ALEXSANDRO LOUREIRO DA SILVA ANA MARIA MANSUR DIAS NUNES ANTENOR GOMES FILHO CLEINA MUNIZ COSTA EDELSON GAMA DE MENEZES GILSON JOS\u00c9 DA SILVA GILVAN JOS\u00c9 DA SILVA HABACUQUE BRIGIDO DOS SANTOS INGRID JUNGER DE ASSIS JO\u00c3O MELEIRO DE CASTILHO JOS\u00c9 CARLOS SILVA JOS\u00c9 CARLOS CRUZ LAURECY DE SOUZA VILLAR LAURY [&hellip;]<\/p>\n","protected":false},"author":1,"featured_media":0,"parent":0,"menu_order":0,"comment_status":"open","ping_status":"open","template":"","meta":{"footnotes":""},"_links":{"self":[{"href":"https:\/\/amigosinstitutohistoricodc.com.br\/index.php?rest_route=\/wp\/v2\/pages\/88"}],"collection":[{"href":"https:\/\/amigosinstitutohistoricodc.com.br\/index.php?rest_route=\/wp\/v2\/pages"}],"about":[{"href":"https:\/\/amigosinstitutohistoricodc.com.br\/index.php?rest_route=\/wp\/v2\/types\/page"}],"author":[{"embeddable":true,"href":"https:\/\/amigosinstitutohistoricodc.com.br\/index.php?rest_route=\/wp\/v2\/users\/1"}],"replies":[{"embeddable":true,"href":"https:\/\/amigosinstitutohistoricodc.com.br\/index.php?rest_route=%2Fwp%2Fv2%2Fcomments&post=88"}],"version-history":[{"count":3,"href":"https:\/\/amigosinstitutohistoricodc.com.br\/index.php?rest_route=\/wp\/v2\/pages\/88\/revisions"}],"predecessor-version":[{"id":124,"href":"https:\/\/amigosinstitutohistoricodc.com.br\/index.php?rest_route=\/wp\/v2\/pages\/88\/revisions\/124"}],"wp:attachment":[{"href":"https:\/\/amigosinstitutohistoricodc.com.br\/index.php?rest_route=%2Fwp%2Fv2%2Fmedia&parent=88"}],"curies":[{"name":"wp","href":"https:\/\/api.w.org\/{rel}","templated":true}]}}