{"id":7,"date":"2012-07-09T12:53:13","date_gmt":"2012-07-09T12:53:13","guid":{"rendered":"http:\/\/amigosinstitutohistoricodc.com.br\/?page_id=7"},"modified":"2012-12-17T14:06:18","modified_gmt":"2012-12-17T14:06:18","slug":"revistas","status":"publish","type":"page","link":"https:\/\/amigosinstitutohistoricodc.com.br\/?page_id=7","title":{"rendered":"Revistas"},"content":{"rendered":"<div class=\"one_third\"><center><img decoding=\"async\" src=\"http:\/\/amigosinstitutohistoricodc.com.br\/wp-content\/uploads\/2012\/07\/1.jpg\" alt=\"\" title=\"\" \/><\/p>\n<h4>Edi\u00e7\u00e3o: Ano I &#8211; n\u00ba 1 &#8211; Outubro Novembro &#8211; Dezembro \/ 2002<\/h4>\n<p>Mat\u00e9rias Principal: O Instituto Hist\u00f3rico da C\u00e2mara Municipal de Duque de Caxias.<\/center><\/p>\n<ul>\n<li>Igreja Nossa Senhora do Pilar<\/li>\n<li>A Depend\u00eancia Econ\u00f4mica dos Jornais<\/li>\n<li>Fazenda S\u00e3o Bernardino \/ Mau\u00e1 e o Trem<\/li>\n<li>A Associa\u00e7\u00e3o dos Amigos do Instituto<\/li>\n<li><a href=\"http:\/\/amigosinstitutohistoricodc.com.br\/revistas\/01_revista_pilares_da_historia.pdf\" target=\"_blank\"> Download do Exemplar em PDF<\/a>\n<\/ul>\n<\/div>\n<div class=\"one_third\"><center><img decoding=\"async\" src=\"http:\/\/amigosinstitutohistoricodc.com.br\/wp-content\/uploads\/2012\/07\/3.jpg\" alt=\"\" title=\"\" \/><\/p>\n<h4>Edi\u00e7\u00e3o: Ano II &#8211; n\u00ba 2 <br \/>Maio de 2003<\/h4>\n<p>Mat\u00e9rias Principal: Tens\u00f5es e intera\u00e7\u00f5es das rela\u00e7\u00f5es sociais em torno do Regime escravista na freguesia de Santo Ant\u00f4nio da Jacutinga.<\/center><\/p>\n<ul>\n<li>Fluxos e intera\u00e7\u00f5es da rede de mem\u00f3ria<\/li>\n<li>Se\u00e7\u00e3o iconografia e transcri\u00e7\u00e3o<\/li>\n<li>Estrada de ferro Rio D\u00b4Ouro<\/li>\n<li>Aqueles anos verdes da nossa hist\u00f3ria<\/li>\n<li><a href=\"http:\/\/amigosinstitutohistoricodc.com.br\/revistas\/02_revista_pilares_da_historia.pdf\" target=\"_blank\"> Download do Exemplar em PDF<\/a>\n<\/ul>\n<\/div>\n<div class=\"one_third last\"><center><img decoding=\"async\" src=\"http:\/\/amigosinstitutohistoricodc.com.br\/wp-content\/uploads\/2012\/07\/4.jpg\" alt=\"\" title=\"\" \/><\/p>\n<h4>Edi\u00e7\u00e3o: Ano II &#8211; n\u00ba 3 <br \/>Dezembro de 2003 <\/h4>\n<p>Mat\u00e9rias Principal: A emancipa\u00e7\u00e3o pol\u00edtica do munic\u00edpio de Duque de Caxias.<\/center><\/p>\n<ul>\n<li>Se\u00e7\u00e3o &#8220;mem\u00f3ria viva&#8221; <\/li>\n<li>Se\u00e7\u00e3o iconografia <\/li>\n<li>Se\u00e7\u00e3o transcri\u00e7\u00e3o <\/li>\n<li>A Associa\u00e7\u00e3o dos Amigos do Instituto<\/li>\n<li><a href=\"http:\/\/amigosinstitutohistoricodc.com.br\/revistas\/03_revista_pilares_da_historia.pdf\" target=\"_blank\"> Download do Exemplar em PDF<\/a>\n<\/ul>\n<\/div>\n<div class=\"clear\"><\/div>\n<p><P><\/p>\n<div class=\"one_third\"><center><img decoding=\"async\" src=\"http:\/\/amigosinstitutohistoricodc.com.br\/wp-content\/uploads\/2012\/07\/5.jpg\" alt=\"\" title=\"\" \/><\/p>\n<h4>Edi\u00e7\u00e3o: Ano III &#8211; n\u00ba 4 <br \/>Maio de 2004 <\/h4>\n<p>Mat\u00e9rias Principal: O ouro e o caf\u00e9 na regi\u00e3o de Igua\u00e7u: da abertura de caminhos \u00e0 implanta\u00e7\u00e3o da estrada de ferro.<\/center><\/p>\n<ul>\n<li>Do Rio Iguass\u00fa ao Sarapuh\u00ed<\/li>\n<li>Mem\u00f3ria ferrovi\u00e1ria de uma cidade<\/li>\n<li>A pr\u00e9-hist\u00f3ria fluminense<\/li>\n<li>As chaves da liberdade<\/li>\n<li><a href=\"http:\/\/amigosinstitutohistoricodc.com.br\/revistas\/04_revista_pilares_da_historia.pdf\" target=\"_blank\"> Download do Exemplar em PDF<\/a>\n<\/ul>\n<\/div>\n<div class=\"one_third\"><center><img decoding=\"async\" src=\"http:\/\/amigosinstitutohistoricodc.com.br\/wp-content\/uploads\/2012\/07\/6.jpg\" alt=\"\" title=\"\" \/><\/p>\n<h4>Edi\u00e7\u00e3o: Ano III &#8211; n\u00ba 5 <br \/>Maio de 2005<\/h4>\n<p>Mat\u00e9rias Principal: Xer\u00e9m e seus nichos de hist\u00f3ria.<\/center><\/p>\n<ul>\n<li>Langsdorff em Inhomirim <\/li>\n<li>Os caminhos da f\u00e9 com a hist\u00f3ria de Mag\u00e9<\/li>\n<li>Nem c\u00e3es, nem logos: os guerreiros Goitac\u00e1<\/li>\n<li>Ensaio sobre a sopeira<\/li>\n<li><a href=\"http:\/\/amigosinstitutohistoricodc.com.br\/revistas\/05_revista_pilares_da_historia.pdf\" target=\"_blank\"> Download do Exemplar em PDF<\/a>\n<\/ul>\n<\/ul>\n<\/div>\n<div class=\"one_third last\"><center><img decoding=\"async\" src=\"http:\/\/amigosinstitutohistoricodc.com.br\/wp-content\/uploads\/2012\/07\/7.jpg\" alt=\"\" title=\"\" \/><\/p>\n<h4>Edi\u00e7\u00e3o: Ano IV &#8211; n\u00ba 6 <br \/>Abril de 2006 <\/h4>\n<p>Mat\u00e9rias Principal: Baixada Fluminense: da conceitua\u00e7\u00e3o \u00e0s problem\u00e1ticas sociais e contempor\u00e2neas.<\/center><\/p>\n<ul>\n<li>Os implactos das pol\u00edticas agr\u00e1rias<\/li>\n<li>O Santu\u00e1rio Mariano<\/li>\n<li>A Diocese de Duque de Caxias<\/li>\n<li>O Candombl\u00e9 na Baixada Fluminense<\/li>\n<li><a href=\"http:\/\/amigosinstitutohistoricodc.com.br\/revistas\/06_revista_pilares_da_historia.pdf\" target=\"_blank\"> Download do Exemplar em PDF<\/a>\n<\/ul>\n<\/div>\n<div class=\"clear\"><\/div>\n<p><P><\/p>\n<div class=\"one_third\"><center><img decoding=\"async\" src=\"http:\/\/amigosinstitutohistoricodc.com.br\/wp-content\/uploads\/2012\/07\/8.jpg\" alt=\"\" title=\"\" \/><\/p>\n<h4>Edi\u00e7\u00e3o: Ano VI &#8211; n\u00ba 7 <br \/>Maio de 2007 <\/h4>\n<p>Mat\u00e9rias Principal: Os caminhos do ouro na Baixada Fluminense.<\/center><\/p>\n<ul>\n<li>O caminho novo  <\/li>\n<li>Mercado negro &#8211; escravid\u00e3o e liberdade<\/li>\n<li>A mote do estudante <\/li>\n<li>A senhora b\u00eabada <\/li>\n<li><a href=\"http:\/\/amigosinstitutohistoricodc.com.br\/revistas\/07_revista_pilares_da_historia.pdf\" target=\"_blank\"> Download do Exemplar em PDF<\/a>\n<\/ul>\n<\/div>\n<div class=\"one_third\"><center><img decoding=\"async\" src=\"http:\/\/amigosinstitutohistoricodc.com.br\/wp-content\/uploads\/2012\/08\/08_revista_pilares_da_historia.jpg\" alt=\"\" title=\"\" \/><\/p>\n<h4>Edi\u00e7\u00e3o: Ano VII &#8211; n\u00ba 8 <br \/>Maio de 2008 <\/h4>\n<p>Mat\u00e9rias Principal: Solano Trindade e os dilemas da Identidade Negra.<\/center><\/p>\n<ul>\n<li>Solano Trindade: Poeta da Resist\u00eancia<\/li>\n<li>Caxias dos anos 1940 aos 70<\/li>\n<li>Par\u00e1bola dos Saneadores<\/li>\n<li>As Fronteiras Ampliadas<\/li>\n<li><a href=\"http:\/\/amigosinstitutohistoricodc.com.br\/revistas\/08_revista_pilares_da_historia.pdf\" target=\"_blank\"> Download do Exemplar em PDF<\/a>\n<\/ul>\n<\/div>\n<div class=\"one_third last\"><center><img decoding=\"async\" src=\"http:\/\/amigosinstitutohistoricodc.com.br\/wp-content\/uploads\/2012\/08\/09_revista_pilares_da_historia.jpg\" alt=\"\" title=\"\" \/><\/p>\n<h4>Edi\u00e7\u00e3o: Ano VIII &#8211; n\u00ba 9 <br \/>Maio de 2009 <\/h4>\n<p>Mat\u00e9rias Principal: Hist\u00f3ria Ambiental e Baixada Fluminense.<\/center><\/p>\n<ul>\n<li>Vilas de Mag\u00e9 e Estrela<\/li>\n<li>Movimento Negro <\/li>\n<li>A F\u00e1brica de Tecidos do &#8220;Corte Oito&#8221;<\/li>\n<li> Iguass\u00fa e sua Guarda Nacional <\/li>\n<li><a href=\"http:\/\/amigosinstitutohistoricodc.com.br\/revistas\/09_revista_pilares_da_historia.pdf\" target=\"_blank\"> Download do Exemplar em PDF<\/a>\n<\/ul>\n<\/div>\n<div class=\"clear\"><\/div>\n<p><P><\/p>\n<div class=\"one_third\"><center><img decoding=\"async\" src=\"http:\/\/amigosinstitutohistoricodc.com.br\/wp-content\/uploads\/2012\/07\/9.jpg\" alt=\"\" title=\"\" \/><\/p>\n<h4>Edi\u00e7\u00e3o: Ano IX &#8211; n\u00ba 10 <br \/>Maio de 2010 <\/h4>\n<p>Mat\u00e9rias Principal: Hist\u00f3ria Ambiental e Baixada Fluminense.<\/center><\/p>\n<ul>\n<li>Vilas de Mag\u00e9 e Estrela<\/li>\n<li>Movimento Negro <\/li>\n<li>A F\u00e1brica de Tecidos do &#8220;Corte Oito&#8221;<\/li>\n<li> Iguass\u00fa e sua Guarda Nacional <\/li>\n<li><a href=\"http:\/\/amigosinstitutohistoricodc.com.br\/revistas\/10_revista_pilares_da_historia.pdf\" target=\"_blank\"> Download do Exemplar em PDF<\/a>\n<\/ul>\n<\/div>\n<div class=\"one_third\"><center><img decoding=\"async\" src=\"http:\/\/amigosinstitutohistoricodc.com.br\/wp-content\/uploads\/2012\/08\/11.jpg\" alt=\"\" title=\"\" \/><\/p>\n<h4>Edi\u00e7\u00e3o: Ano X &#8211; n\u00ba 11 <br \/>Maio de 2011 <\/h4>\n<p>Mat\u00e9rias Principal: Conjunto da Pra\u00e7a do Pacificador.<\/center><\/p>\n<ul>\n<li>Sua Majestade Tata Londir\u00e1<\/li>\n<li>Baixada Ecol\u00f3gica <\/li>\n<li>Ambulat\u00f3rio Paroquial Irm\u00e3 Beta<\/li>\n<li>Flamboai\u00e3s e Mate com Angu<\/li>\n<li><a href=\"http:\/\/amigosinstitutohistoricodc.com.br\/revistas\/11_revista_pilares_da_historia.pdf\" target=\"_blank\"> Download do Exemplar em PDF<\/a>\n<\/ul>\n<\/div>\n<div class=\"one_third last\"><center><img decoding=\"async\" src=\"http:\/\/amigosinstitutohistoricodc.com.br\/wp-content\/uploads\/2012\/08\/meio_11_12.jpg\" alt=\"\" title=\"\" \/><\/p>\n<h4>Edi\u00e7\u00e3o: Ano X &#8211; Ed. Especial <br \/>Agosto de 2011 <\/h4>\n<p>Mat\u00e9rias Principal: Um olhar sobre os palha\u00e7os da folia de reis.<\/center><\/p>\n<ul>\n<li>Fazenda S\u00e3o Bento<\/li>\n<li>Orf\u00e3os e herdeiros do samba em Duque de Caxias<\/li>\n<li>A trajet\u00f3ria da capoeira em Duque de Caxias<\/li>\n<li>Um olhar sobre a demografia escrava no rec\u00f4ncavo<\/li>\n<li><a href=\"http:\/\/amigosinstitutohistoricodc.com.br\/revistas\/edicao_especial_pilares_da_historia.pdf\" target=\"_blank\"> Download do Exemplar em PDF<\/a>\n<\/ul>\n<\/div>\n<div class=\"clear\"><\/div>\n<p><P><\/p>\n<div class=\"one_third\"><center><img decoding=\"async\" src=\"http:\/\/amigosinstitutohistoricodc.com.br\/wp-content\/uploads\/2012\/08\/12.jpg\" alt=\"\" title=\"\" \/><\/p>\n<h4>Edi\u00e7\u00e3o: Ano X &#8211; n\u00ba 12 <br \/>Dezembro de 2011 <\/h4>\n<p>Mat\u00e9rias Principal: Educar e Civilizar pelo Ensino Prim\u00e1rio.<\/center><\/p>\n<ul>\n<li>Santos Lemos<\/li>\n<li>Moscouzinho em Mag\u00e9<\/li>\n<li>Escravid\u00e3o e Sa\u00fade<\/li>\n<li>A\u00e7\u00f5es Educativas do Movimento Higienista<\/li>\n<li><a href=\"http:\/\/amigosinstitutohistoricodc.com.br\/revistas\/12_revista_pilares_da_historia.pdf\" target=\"_blank\"> Download do Exemplar em PDF<\/a>\n<\/ul>\n<\/div>\n<div class=\"one_third\"><center><img decoding=\"async\" src=\"http:\/\/amigosinstitutohistoricodc.com.br\/wp-content\/uploads\/2012\/08\/2012.jpg\" alt=\"\" title=\"\" \/><\/p>\n<h4>Edi\u00e7\u00e3o: Ano XI &#8211; Ed. Especial<br \/>Maio de 2012 <\/h4>\n<p>Mat\u00e9rias Principal: As novas din\u00e2micas produzidas em curso na Baixada.<\/center><\/p>\n<ul>\n<li>O Futebol em Caxias durante a d\u00e9cada<\/li>\n<li>Mem\u00f3rias de uma Judia<\/li>\n<li>Parque da Conquista<\/li>\n<li>Enchentes na Baixada, apag\u00e3o de vida<\/li>\n<li><a href=\"http:\/\/amigosinstitutohistoricodc.com.br\/wp-content\/uploads\/2012\/08\/edespecial_2012_revista_pilares_da_historia.pdf\" target=\"_blank\"> Download do Exemplar em PDF<\/a>\n<\/ul>\n<\/div>\n<div class=\"one_third last\"><\/div>\n<div class=\"clear\"><\/div>\n","protected":false},"excerpt":{"rendered":"","protected":false},"author":1,"featured_media":0,"parent":0,"menu_order":0,"comment_status":"open","ping_status":"open","template":"template_fullwidth.php","meta":{"footnotes":""},"_links":{"self":[{"href":"https:\/\/amigosinstitutohistoricodc.com.br\/index.php?rest_route=\/wp\/v2\/pages\/7"}],"collection":[{"href":"https:\/\/amigosinstitutohistoricodc.com.br\/index.php?rest_route=\/wp\/v2\/pages"}],"about":[{"href":"https:\/\/amigosinstitutohistoricodc.com.br\/index.php?rest_route=\/wp\/v2\/types\/page"}],"author":[{"embeddable":true,"href":"https:\/\/amigosinstitutohistoricodc.com.br\/index.php?rest_route=\/wp\/v2\/users\/1"}],"replies":[{"embeddable":true,"href":"https:\/\/amigosinstitutohistoricodc.com.br\/index.php?rest_route=%2Fwp%2Fv2%2Fcomments&post=7"}],"version-history":[{"count":49,"href":"https:\/\/amigosinstitutohistoricodc.com.br\/index.php?rest_route=\/wp\/v2\/pages\/7\/revisions"}],"predecessor-version":[{"id":173,"href":"https:\/\/amigosinstitutohistoricodc.com.br\/index.php?rest_route=\/wp\/v2\/pages\/7\/revisions\/173"}],"wp:attachment":[{"href":"https:\/\/amigosinstitutohistoricodc.com.br\/index.php?rest_route=%2Fwp%2Fv2%2Fmedia&parent=7"}],"curies":[{"name":"wp","href":"https:\/\/api.w.org\/{rel}","templated":true}]}}