{"id":361,"date":"2021-12-02T14:50:12","date_gmt":"2021-12-02T14:50:12","guid":{"rendered":"http:\/\/amigosinstitutohistoricodc.com.br\/?page_id=361"},"modified":"2021-12-04T02:11:43","modified_gmt":"2021-12-04T02:11:43","slug":"santos-lemos","status":"publish","type":"page","link":"https:\/\/amigosinstitutohistoricodc.com.br\/?page_id=361","title":{"rendered":"Santos Lemos"},"content":{"rendered":"<p>Estas obras s\u00e3o protegidas pela Lei 9.610\/98 (Lei do Direito Autoral). Est\u00e3o dispon\u00edveis apenas para visualiza\u00e7\u00e3o e consulta. Sua utiliza\u00e7\u00e3o ou reprodu\u00e7\u00e3o depende de pr\u00e9vio consentimento do (s) titular (es) dos direitos autorais.<\/p>\n<div class=\"one_third\"><center><img decoding=\"async\" title=\"\" alt=\"\" src=\"http:\/\/amigosinstitutohistoricodc.com.br\/wp-content\/uploads\/2021\/12\/SangueNo311.jpg\" \/><\/center><\/p>\n<h4>Sangue no 311<\/h4>\n<ul class=\"list-disc blue\">\n<li><a href=\"http:\/\/amigosinstitutohistoricodc.com.br\/wp-content\/uploads\/2021\/12\/Sangue-no-311-1967.pdf\" target=\"_blank\" rel=\"noopener noreferrer\"> Download do Ebook<\/a><\/li>\n<\/ul>\n<\/div>\n<div class=\"one_third\"><center><img decoding=\"async\" title=\"\" alt=\"\" src=\"http:\/\/amigosinstitutohistoricodc.com.br\/wp-content\/uploads\/2021\/12\/SabaraNegro.jpg\" \/><\/center><\/p>\n<h4>O Negro Sabar\u00e1<\/h4>\n<ul class=\"list-disc blue\">\n<li><a href=\"http:\/\/amigosinstitutohistoricodc.com.br\/wp-content\/uploads\/2021\/12\/O-Negro-Sabara-1977.pdf\" target=\"_blank\" rel=\"noopener noreferrer\"> Download do Ebook<\/a><\/li>\n<\/ul>\n<\/div>\n<div class=\"one_third last\"><center><img decoding=\"async\" title=\"\" alt=\"\" src=\"http:\/\/amigosinstitutohistoricodc.com.br\/wp-content\/uploads\/2021\/12\/OsDonosDaCidade.jpg\" \/><\/center><\/p>\n<h4>Os Donos da Cidade<\/h4>\n<ul class=\"list-disc blue\">\n<li><a href=\"http:\/\/amigosinstitutohistoricodc.com.br\/wp-content\/uploads\/2021\/12\/Os-Donos-da-Cidade.pdf\" target=\"_blank\" rel=\"noopener noreferrer\"> Download do Ebook<\/a><\/li>\n<\/ul>\n<\/div>\n<div class=\"clear\"><\/div>\n","protected":false},"excerpt":{"rendered":"<p>Estas obras s\u00e3o protegidas pela Lei 9.610\/98 (Lei do Direito Autoral). Est\u00e3o dispon\u00edveis apenas para visualiza\u00e7\u00e3o e consulta. Sua utiliza\u00e7\u00e3o ou reprodu\u00e7\u00e3o depende de pr\u00e9vio consentimento do (s) titular (es) dos direitos autorais.<\/p>\n","protected":false},"author":1,"featured_media":0,"parent":0,"menu_order":0,"comment_status":"closed","ping_status":"closed","template":"template_fullwidth.php","meta":{"footnotes":""},"_links":{"self":[{"href":"https:\/\/amigosinstitutohistoricodc.com.br\/index.php?rest_route=\/wp\/v2\/pages\/361"}],"collection":[{"href":"https:\/\/amigosinstitutohistoricodc.com.br\/index.php?rest_route=\/wp\/v2\/pages"}],"about":[{"href":"https:\/\/amigosinstitutohistoricodc.com.br\/index.php?rest_route=\/wp\/v2\/types\/page"}],"author":[{"embeddable":true,"href":"https:\/\/amigosinstitutohistoricodc.com.br\/index.php?rest_route=\/wp\/v2\/users\/1"}],"replies":[{"embeddable":true,"href":"https:\/\/amigosinstitutohistoricodc.com.br\/index.php?rest_route=%2Fwp%2Fv2%2Fcomments&post=361"}],"version-history":[{"count":3,"href":"https:\/\/amigosinstitutohistoricodc.com.br\/index.php?rest_route=\/wp\/v2\/pages\/361\/revisions"}],"predecessor-version":[{"id":368,"href":"https:\/\/amigosinstitutohistoricodc.com.br\/index.php?rest_route=\/wp\/v2\/pages\/361\/revisions\/368"}],"wp:attachment":[{"href":"https:\/\/amigosinstitutohistoricodc.com.br\/index.php?rest_route=%2Fwp%2Fv2%2Fmedia&parent=361"}],"curies":[{"name":"wp","href":"https:\/\/api.w.org\/{rel}","templated":true}]}}