{"id":296,"date":"2015-03-17T12:01:53","date_gmt":"2015-03-17T12:01:53","guid":{"rendered":"http:\/\/amigosinstitutohistoricodc.com.br\/?page_id=296"},"modified":"2015-03-17T12:01:53","modified_gmt":"2015-03-17T12:01:53","slug":"conselho-deliberativo-2013-2014","status":"publish","type":"page","link":"https:\/\/amigosinstitutohistoricodc.com.br\/?page_id=296","title":{"rendered":"Conselho deliberativo &#8211; 2013 \/ 2014"},"content":{"rendered":"<p><strong>CONSELHO DELIBERATIVO<\/strong><\/p>\n<p>Efetivos<br \/>\nPAULO MAINHARD <strong>Presidente<\/strong><br \/>\nANT\u00d4NIO AUGUSTO BRAZ <strong>Vice-Presidente<\/strong><br \/>\nGENESIS TORRES<br \/>\nGILBERTO SILVA<br \/>\nGUILHERME PERES<br \/>\nJOS\u00c9 ZUMBA CLEMENTE DA SILVA<br \/>\nLAURY DE SOUZA VILLAR<br \/>\nROGERIO TORRES<br \/>\nMARLUCIA SANTOS DE SOUZA<br \/>\nNEWTON MENEZES<br \/>\nAGRINALDO FARIAS<\/p>\n<p>Eduardo Moreira da Silva (membro nato: Presidente da CMDC)<br \/>\nSecret\u00e1rio de Cultura (membro nato)<br \/>\nSecret\u00e1ria de Educa\u00e7\u00e3o (membro nato)<\/p>\n<p>&nbsp;<\/p>\n<p><strong>Suplentes<\/strong><br \/>\nALEXANDRE MARQUES<br \/>\nBETO GASPARI<br \/>\nANDR\u00c9 OLIVEIRA<br \/>\nERC\u00cdLIA COELHO DE OLIVEIRA<br \/>\nMARIA VIT\u00d3RIA S. GUIMAR\u00c3ES LEAL<br \/>\nST\u00c9LIO LACERDA<br \/>\nJOSUE CARDOSO<br \/>\nALEXANDRE BARROS DO ROS\u00c1RIO<br \/>\nELISANGELA CORTES BRAGA<\/p>\n<p>&nbsp;<\/p>\n<p><strong>CONSELHO FISCAL<\/strong><\/p>\n<p><strong>Efetivos<\/strong><br \/>\nMANOEL MATHIAS THIBURCIO FILHO<br \/>\nALBANIR JOS\u00c9 DA SILVA<br \/>\nDAYANE DA SILVA LOUREIRO<\/p>\n<p><strong>Suplentes<\/strong><br \/>\nCARLOS DE S\u00c1 BEZERRA<br \/>\nJOS\u00c9 ROG\u00c9RIO OLIVEIRA<br \/>\nFERNANDO RAMOS<br \/>\n<strong>DIRETORIA EXECUTIVA<br \/>\n<\/strong><br \/>\n<strong>Diretor Executivo<\/strong><br \/>\nNIELSON ROSA BEZERRA<\/p>\n<p>Secret\u00e1rio TA\u00cdS FERNANDA NORONHA<br \/>\nTesoureiro MARCELO BORGES SOARES DE ALMEIDA<br \/>\nDiretora de Pesquisa TANIA MARIA S. AMARO DE ALMEIDA (Diretora do IH)<\/p>\n","protected":false},"excerpt":{"rendered":"<p>CONSELHO DELIBERATIVO Efetivos PAULO MAINHARD Presidente ANT\u00d4NIO AUGUSTO BRAZ Vice-Presidente GENESIS TORRES GILBERTO SILVA GUILHERME PERES JOS\u00c9 ZUMBA CLEMENTE DA SILVA LAURY DE SOUZA VILLAR ROGERIO TORRES MARLUCIA SANTOS DE SOUZA NEWTON MENEZES AGRINALDO FARIAS Eduardo Moreira da Silva (membro nato: Presidente da CMDC) Secret\u00e1rio de Cultura (membro nato) Secret\u00e1ria de Educa\u00e7\u00e3o (membro nato) &nbsp; [&hellip;]<\/p>\n","protected":false},"author":1,"featured_media":0,"parent":0,"menu_order":0,"comment_status":"open","ping_status":"open","template":"","meta":{"footnotes":""},"_links":{"self":[{"href":"https:\/\/amigosinstitutohistoricodc.com.br\/index.php?rest_route=\/wp\/v2\/pages\/296"}],"collection":[{"href":"https:\/\/amigosinstitutohistoricodc.com.br\/index.php?rest_route=\/wp\/v2\/pages"}],"about":[{"href":"https:\/\/amigosinstitutohistoricodc.com.br\/index.php?rest_route=\/wp\/v2\/types\/page"}],"author":[{"embeddable":true,"href":"https:\/\/amigosinstitutohistoricodc.com.br\/index.php?rest_route=\/wp\/v2\/users\/1"}],"replies":[{"embeddable":true,"href":"https:\/\/amigosinstitutohistoricodc.com.br\/index.php?rest_route=%2Fwp%2Fv2%2Fcomments&post=296"}],"version-history":[{"count":1,"href":"https:\/\/amigosinstitutohistoricodc.com.br\/index.php?rest_route=\/wp\/v2\/pages\/296\/revisions"}],"predecessor-version":[{"id":298,"href":"https:\/\/amigosinstitutohistoricodc.com.br\/index.php?rest_route=\/wp\/v2\/pages\/296\/revisions\/298"}],"wp:attachment":[{"href":"https:\/\/amigosinstitutohistoricodc.com.br\/index.php?rest_route=%2Fwp%2Fv2%2Fmedia&parent=296"}],"curies":[{"name":"wp","href":"https:\/\/api.w.org\/{rel}","templated":true}]}}