{"id":225,"date":"2013-02-05T11:52:10","date_gmt":"2013-02-05T11:52:10","guid":{"rendered":"http:\/\/amigosinstitutohistoricodc.com.br\/?page_id=225"},"modified":"2015-03-17T11:55:22","modified_gmt":"2015-03-17T11:55:22","slug":"eventos-2013","status":"publish","type":"page","link":"https:\/\/amigosinstitutohistoricodc.com.br\/?page_id=225","title":{"rendered":"Eventos &#8211; 2014"},"content":{"rendered":"<p><center><strong><a href=\"http:\/\/amigosinstitutohistoricodc.com.br\/wp-content\/uploads\/2013\/02\/2014-01.jpg\"><strong>PONTO DE CULTURA ASSOCIA\u00c7\u00c3O DOS AMIGOS DO INSTITUTO HIST\u00d3RICO<br \/>\nPROJETO \u201cTECENDO AS A\u00c7\u00d5ES NO PRESENTE. CONSTRUINDO A CIDADANIA DO FUTURO\u201d.<br \/>\nATIVIDADES REALIZADAS 2014<\/strong><\/a><\/strong><\/center><center><strong><a href=\"http:\/\/amigosinstitutohistoricodc.com.br\/wp-content\/uploads\/2013\/02\/2014-01.jpg\"><br \/>\n<img loading=\"lazy\" decoding=\"async\" class=\"aligncenter size-full wp-image-277\" alt=\"2014-01\" src=\"http:\/\/amigosinstitutohistoricodc.com.br\/wp-content\/uploads\/2013\/02\/2014-01.jpg\" width=\"733\" height=\"638\" srcset=\"https:\/\/amigosinstitutohistoricodc.com.br\/wp-content\/uploads\/2013\/02\/2014-01.jpg 733w, https:\/\/amigosinstitutohistoricodc.com.br\/wp-content\/uploads\/2013\/02\/2014-01-300x261.jpg 300w\" sizes=\"(max-width: 733px) 100vw, 733px\" \/><\/a> <a href=\"http:\/\/amigosinstitutohistoricodc.com.br\/wp-content\/uploads\/2013\/02\/2014-02.jpg\" rel=\"lightbox[225]\"><img loading=\"lazy\" decoding=\"async\" class=\"aligncenter size-full wp-image-278\" alt=\"2014-02\" src=\"http:\/\/amigosinstitutohistoricodc.com.br\/wp-content\/uploads\/2013\/02\/2014-02.jpg\" width=\"733\" height=\"674\" srcset=\"https:\/\/amigosinstitutohistoricodc.com.br\/wp-content\/uploads\/2013\/02\/2014-02.jpg 733w, https:\/\/amigosinstitutohistoricodc.com.br\/wp-content\/uploads\/2013\/02\/2014-02-300x275.jpg 300w\" sizes=\"(max-width: 733px) 100vw, 733px\" \/><\/a> <a href=\"http:\/\/amigosinstitutohistoricodc.com.br\/wp-content\/uploads\/2013\/02\/2014-03.jpg\" rel=\"lightbox[225]\"><img loading=\"lazy\" decoding=\"async\" class=\"aligncenter size-full wp-image-279\" alt=\"2014-03\" src=\"http:\/\/amigosinstitutohistoricodc.com.br\/wp-content\/uploads\/2013\/02\/2014-03.jpg\" width=\"734\" height=\"805\" srcset=\"https:\/\/amigosinstitutohistoricodc.com.br\/wp-content\/uploads\/2013\/02\/2014-03.jpg 734w, https:\/\/amigosinstitutohistoricodc.com.br\/wp-content\/uploads\/2013\/02\/2014-03-273x300.jpg 273w\" sizes=\"(max-width: 734px) 100vw, 734px\" \/><\/a> <a href=\"http:\/\/amigosinstitutohistoricodc.com.br\/wp-content\/uploads\/2013\/02\/2014-04.jpg\" rel=\"lightbox[225]\"><img loading=\"lazy\" decoding=\"async\" class=\"aligncenter size-full wp-image-280\" alt=\"2014-04\" src=\"http:\/\/amigosinstitutohistoricodc.com.br\/wp-content\/uploads\/2013\/02\/2014-04.jpg\" width=\"734\" height=\"809\" srcset=\"https:\/\/amigosinstitutohistoricodc.com.br\/wp-content\/uploads\/2013\/02\/2014-04.jpg 734w, https:\/\/amigosinstitutohistoricodc.com.br\/wp-content\/uploads\/2013\/02\/2014-04-272x300.jpg 272w\" sizes=\"(max-width: 734px) 100vw, 734px\" \/><\/a> <a href=\"http:\/\/amigosinstitutohistoricodc.com.br\/wp-content\/uploads\/2013\/02\/2014-05.jpg\" rel=\"lightbox[225]\"><img loading=\"lazy\" decoding=\"async\" class=\"aligncenter size-full wp-image-281\" alt=\"2014-05\" src=\"http:\/\/amigosinstitutohistoricodc.com.br\/wp-content\/uploads\/2013\/02\/2014-05.jpg\" width=\"734\" height=\"904\" srcset=\"https:\/\/amigosinstitutohistoricodc.com.br\/wp-content\/uploads\/2013\/02\/2014-05.jpg 734w, https:\/\/amigosinstitutohistoricodc.com.br\/wp-content\/uploads\/2013\/02\/2014-05-243x300.jpg 243w\" sizes=\"(max-width: 734px) 100vw, 734px\" \/><\/a> <a href=\"http:\/\/amigosinstitutohistoricodc.com.br\/wp-content\/uploads\/2013\/02\/2014-06.jpg\" rel=\"lightbox[225]\"><img loading=\"lazy\" decoding=\"async\" class=\"aligncenter size-full wp-image-282\" alt=\"2014-06\" src=\"http:\/\/amigosinstitutohistoricodc.com.br\/wp-content\/uploads\/2013\/02\/2014-06.jpg\" width=\"734\" height=\"605\" srcset=\"https:\/\/amigosinstitutohistoricodc.com.br\/wp-content\/uploads\/2013\/02\/2014-06.jpg 734w, https:\/\/amigosinstitutohistoricodc.com.br\/wp-content\/uploads\/2013\/02\/2014-06-300x247.jpg 300w\" sizes=\"(max-width: 734px) 100vw, 734px\" \/><\/a> <a href=\"http:\/\/amigosinstitutohistoricodc.com.br\/wp-content\/uploads\/2013\/02\/2014-07.jpg\" rel=\"lightbox[225]\"><img loading=\"lazy\" decoding=\"async\" class=\"aligncenter size-full wp-image-283\" alt=\"2014-07\" src=\"http:\/\/amigosinstitutohistoricodc.com.br\/wp-content\/uploads\/2013\/02\/2014-07.jpg\" width=\"733\" height=\"674\" srcset=\"https:\/\/amigosinstitutohistoricodc.com.br\/wp-content\/uploads\/2013\/02\/2014-07.jpg 733w, https:\/\/amigosinstitutohistoricodc.com.br\/wp-content\/uploads\/2013\/02\/2014-07-300x275.jpg 300w\" sizes=\"(max-width: 733px) 100vw, 733px\" \/><\/a> <a href=\"http:\/\/amigosinstitutohistoricodc.com.br\/wp-content\/uploads\/2013\/02\/2014-08.jpg\" rel=\"lightbox[225]\"><img loading=\"lazy\" decoding=\"async\" class=\"aligncenter size-full wp-image-284\" alt=\"2014-08\" src=\"http:\/\/amigosinstitutohistoricodc.com.br\/wp-content\/uploads\/2013\/02\/2014-08.jpg\" width=\"734\" height=\"570\" srcset=\"https:\/\/amigosinstitutohistoricodc.com.br\/wp-content\/uploads\/2013\/02\/2014-08.jpg 734w, https:\/\/amigosinstitutohistoricodc.com.br\/wp-content\/uploads\/2013\/02\/2014-08-300x232.jpg 300w\" sizes=\"(max-width: 734px) 100vw, 734px\" \/><\/a> <a href=\"http:\/\/amigosinstitutohistoricodc.com.br\/wp-content\/uploads\/2013\/02\/2014-09.jpg\" rel=\"lightbox[225]\"><img loading=\"lazy\" decoding=\"async\" class=\"aligncenter size-full wp-image-285\" alt=\"2014-09\" src=\"http:\/\/amigosinstitutohistoricodc.com.br\/wp-content\/uploads\/2013\/02\/2014-09.jpg\" width=\"732\" height=\"742\" srcset=\"https:\/\/amigosinstitutohistoricodc.com.br\/wp-content\/uploads\/2013\/02\/2014-09.jpg 732w, https:\/\/amigosinstitutohistoricodc.com.br\/wp-content\/uploads\/2013\/02\/2014-09-295x300.jpg 295w, https:\/\/amigosinstitutohistoricodc.com.br\/wp-content\/uploads\/2013\/02\/2014-09-40x40.jpg 40w\" sizes=\"(max-width: 732px) 100vw, 732px\" \/><\/a> <a href=\"http:\/\/amigosinstitutohistoricodc.com.br\/wp-content\/uploads\/2013\/02\/2014-10.jpg\" rel=\"lightbox[225]\"><img loading=\"lazy\" decoding=\"async\" class=\"aligncenter size-full wp-image-286\" alt=\"2014-10\" src=\"http:\/\/amigosinstitutohistoricodc.com.br\/wp-content\/uploads\/2013\/02\/2014-10.jpg\" width=\"734\" height=\"698\" srcset=\"https:\/\/amigosinstitutohistoricodc.com.br\/wp-content\/uploads\/2013\/02\/2014-10.jpg 734w, https:\/\/amigosinstitutohistoricodc.com.br\/wp-content\/uploads\/2013\/02\/2014-10-300x285.jpg 300w\" sizes=\"(max-width: 734px) 100vw, 734px\" \/><\/a> <a href=\"http:\/\/amigosinstitutohistoricodc.com.br\/wp-content\/uploads\/2013\/02\/2014-11.jpg\" rel=\"lightbox[225]\"><img loading=\"lazy\" decoding=\"async\" class=\"aligncenter size-full wp-image-287\" alt=\"2014-11\" src=\"http:\/\/amigosinstitutohistoricodc.com.br\/wp-content\/uploads\/2013\/02\/2014-11.jpg\" width=\"736\" height=\"596\" srcset=\"https:\/\/amigosinstitutohistoricodc.com.br\/wp-content\/uploads\/2013\/02\/2014-11.jpg 736w, https:\/\/amigosinstitutohistoricodc.com.br\/wp-content\/uploads\/2013\/02\/2014-11-300x242.jpg 300w\" sizes=\"(max-width: 736px) 100vw, 736px\" \/><\/a> <a href=\"http:\/\/amigosinstitutohistoricodc.com.br\/wp-content\/uploads\/2013\/02\/2014-12.jpg\" rel=\"lightbox[225]\"><img loading=\"lazy\" decoding=\"async\" class=\"aligncenter size-full wp-image-288\" alt=\"2014-12\" src=\"http:\/\/amigosinstitutohistoricodc.com.br\/wp-content\/uploads\/2013\/02\/2014-12.jpg\" width=\"736\" height=\"585\" srcset=\"https:\/\/amigosinstitutohistoricodc.com.br\/wp-content\/uploads\/2013\/02\/2014-12.jpg 736w, https:\/\/amigosinstitutohistoricodc.com.br\/wp-content\/uploads\/2013\/02\/2014-12-300x238.jpg 300w\" sizes=\"(max-width: 736px) 100vw, 736px\" \/><\/a> <a href=\"http:\/\/amigosinstitutohistoricodc.com.br\/wp-content\/uploads\/2013\/02\/2014-13.jpg\" rel=\"lightbox[225]\"><img loading=\"lazy\" decoding=\"async\" class=\"aligncenter size-full wp-image-289\" alt=\"2014-13\" src=\"http:\/\/amigosinstitutohistoricodc.com.br\/wp-content\/uploads\/2013\/02\/2014-13.jpg\" width=\"734\" height=\"667\" srcset=\"https:\/\/amigosinstitutohistoricodc.com.br\/wp-content\/uploads\/2013\/02\/2014-13.jpg 734w, https:\/\/amigosinstitutohistoricodc.com.br\/wp-content\/uploads\/2013\/02\/2014-13-300x272.jpg 300w\" sizes=\"(max-width: 734px) 100vw, 734px\" \/><\/a><br \/>\n<\/strong><\/center><\/p>\n","protected":false},"excerpt":{"rendered":"<p>PONTO DE CULTURA ASSOCIA\u00c7\u00c3O DOS AMIGOS DO INSTITUTO HIST\u00d3RICO PROJETO \u201cTECENDO AS A\u00c7\u00d5ES NO PRESENTE. CONSTRUINDO A CIDADANIA DO FUTURO\u201d. ATIVIDADES REALIZADAS 2014<\/p>\n","protected":false},"author":1,"featured_media":0,"parent":0,"menu_order":0,"comment_status":"open","ping_status":"open","template":"template_fullwidth.php","meta":{"footnotes":""},"_links":{"self":[{"href":"https:\/\/amigosinstitutohistoricodc.com.br\/index.php?rest_route=\/wp\/v2\/pages\/225"}],"collection":[{"href":"https:\/\/amigosinstitutohistoricodc.com.br\/index.php?rest_route=\/wp\/v2\/pages"}],"about":[{"href":"https:\/\/amigosinstitutohistoricodc.com.br\/index.php?rest_route=\/wp\/v2\/types\/page"}],"author":[{"embeddable":true,"href":"https:\/\/amigosinstitutohistoricodc.com.br\/index.php?rest_route=\/wp\/v2\/users\/1"}],"replies":[{"embeddable":true,"href":"https:\/\/amigosinstitutohistoricodc.com.br\/index.php?rest_route=%2Fwp%2Fv2%2Fcomments&post=225"}],"version-history":[{"count":6,"href":"https:\/\/amigosinstitutohistoricodc.com.br\/index.php?rest_route=\/wp\/v2\/pages\/225\/revisions"}],"predecessor-version":[{"id":276,"href":"https:\/\/amigosinstitutohistoricodc.com.br\/index.php?rest_route=\/wp\/v2\/pages\/225\/revisions\/276"}],"wp:attachment":[{"href":"https:\/\/amigosinstitutohistoricodc.com.br\/index.php?rest_route=%2Fwp%2Fv2%2Fmedia&parent=225"}],"curies":[{"name":"wp","href":"https:\/\/api.w.org\/{rel}","templated":true}]}}