{"id":224,"date":"2013-02-05T11:51:41","date_gmt":"2013-02-05T11:51:41","guid":{"rendered":"http:\/\/amigosinstitutohistoricodc.com.br\/?page_id=224"},"modified":"2013-02-06T11:15:54","modified_gmt":"2013-02-06T11:15:54","slug":"eventos-2012","status":"publish","type":"page","link":"https:\/\/amigosinstitutohistoricodc.com.br\/?page_id=224","title":{"rendered":"Eventos &#8211; 2012"},"content":{"rendered":"<p><center><strong>PONTO DE CULTURA ASSOCIA\u00c7\u00c3O DOS AMIGOS DO INSTITUTO HIST\u00d3RICO<br \/>\nPROJETO \u201cTECENDO AS A\u00c7\u00d5ES NO PRESENTE. CONSTRUINDO A CIDADANIA DO FUTURO\u201d.<br \/>\nATIVIDADES REALIZADAS 2012<\/strong><\/center><\/p>\n<p><a href=\"http:\/\/amigosinstitutohistoricodc.com.br\/wp-content\/uploads\/2013\/02\/2012_1.jpg\" rel=\"lightbox[224]\"><img loading=\"lazy\" decoding=\"async\" src=\"http:\/\/amigosinstitutohistoricodc.com.br\/wp-content\/uploads\/2013\/02\/2012_1.jpg\" alt=\"2012_1\" width=\"739\" height=\"1581\" class=\"aligncenter size-full wp-image-244\" srcset=\"https:\/\/amigosinstitutohistoricodc.com.br\/wp-content\/uploads\/2013\/02\/2012_1.jpg 739w, https:\/\/amigosinstitutohistoricodc.com.br\/wp-content\/uploads\/2013\/02\/2012_1-140x300.jpg 140w, https:\/\/amigosinstitutohistoricodc.com.br\/wp-content\/uploads\/2013\/02\/2012_1-478x1024.jpg 478w\" sizes=\"(max-width: 739px) 100vw, 739px\" \/><\/a><\/p>\n<p><a href=\"http:\/\/amigosinstitutohistoricodc.com.br\/wp-content\/uploads\/2013\/02\/2012_2.jpg\" rel=\"lightbox[224]\"><img loading=\"lazy\" decoding=\"async\" src=\"http:\/\/amigosinstitutohistoricodc.com.br\/wp-content\/uploads\/2013\/02\/2012_2.jpg\" alt=\"2012_2\" width=\"739\" height=\"930\" class=\"aligncenter size-full wp-image-245\" srcset=\"https:\/\/amigosinstitutohistoricodc.com.br\/wp-content\/uploads\/2013\/02\/2012_2.jpg 739w, https:\/\/amigosinstitutohistoricodc.com.br\/wp-content\/uploads\/2013\/02\/2012_2-238x300.jpg 238w\" sizes=\"(max-width: 739px) 100vw, 739px\" \/><\/a><\/p>\n<p><a href=\"http:\/\/amigosinstitutohistoricodc.com.br\/wp-content\/uploads\/2013\/02\/2012_3.jpg\" rel=\"lightbox[224]\"><img loading=\"lazy\" decoding=\"async\" src=\"http:\/\/amigosinstitutohistoricodc.com.br\/wp-content\/uploads\/2013\/02\/2012_3.jpg\" alt=\"2012_3\" width=\"739\" height=\"984\" class=\"aligncenter size-full wp-image-246\" srcset=\"https:\/\/amigosinstitutohistoricodc.com.br\/wp-content\/uploads\/2013\/02\/2012_3.jpg 739w, https:\/\/amigosinstitutohistoricodc.com.br\/wp-content\/uploads\/2013\/02\/2012_3-225x300.jpg 225w\" sizes=\"(max-width: 739px) 100vw, 739px\" \/><\/a><\/p>\n<p><a href=\"http:\/\/amigosinstitutohistoricodc.com.br\/wp-content\/uploads\/2013\/02\/2012_4.jpg\" rel=\"lightbox[224]\"><img loading=\"lazy\" decoding=\"async\" src=\"http:\/\/amigosinstitutohistoricodc.com.br\/wp-content\/uploads\/2013\/02\/2012_4.jpg\" alt=\"2012_4\" width=\"739\" height=\"824\" class=\"aligncenter size-full wp-image-247\" srcset=\"https:\/\/amigosinstitutohistoricodc.com.br\/wp-content\/uploads\/2013\/02\/2012_4.jpg 739w, https:\/\/amigosinstitutohistoricodc.com.br\/wp-content\/uploads\/2013\/02\/2012_4-269x300.jpg 269w\" sizes=\"(max-width: 739px) 100vw, 739px\" \/><\/a><\/p>\n<p><a href=\"http:\/\/amigosinstitutohistoricodc.com.br\/wp-content\/uploads\/2013\/02\/2012_5.jpg\" rel=\"lightbox[224]\"><img loading=\"lazy\" decoding=\"async\" src=\"http:\/\/amigosinstitutohistoricodc.com.br\/wp-content\/uploads\/2013\/02\/2012_5.jpg\" alt=\"2012_5\" width=\"728\" height=\"928\" class=\"aligncenter size-full wp-image-248\" srcset=\"https:\/\/amigosinstitutohistoricodc.com.br\/wp-content\/uploads\/2013\/02\/2012_5.jpg 728w, https:\/\/amigosinstitutohistoricodc.com.br\/wp-content\/uploads\/2013\/02\/2012_5-235x300.jpg 235w\" sizes=\"(max-width: 728px) 100vw, 728px\" \/><\/a><\/p>\n<p><a href=\"http:\/\/amigosinstitutohistoricodc.com.br\/wp-content\/uploads\/2013\/02\/2012_6.jpg\" rel=\"lightbox[224]\"><img loading=\"lazy\" decoding=\"async\" src=\"http:\/\/amigosinstitutohistoricodc.com.br\/wp-content\/uploads\/2013\/02\/2012_6.jpg\" alt=\"2012_6\" width=\"739\" height=\"810\" class=\"aligncenter size-full wp-image-249\" srcset=\"https:\/\/amigosinstitutohistoricodc.com.br\/wp-content\/uploads\/2013\/02\/2012_6.jpg 739w, https:\/\/amigosinstitutohistoricodc.com.br\/wp-content\/uploads\/2013\/02\/2012_6-273x300.jpg 273w\" sizes=\"(max-width: 739px) 100vw, 739px\" \/><\/a><\/p>\n<p><a href=\"http:\/\/amigosinstitutohistoricodc.com.br\/wp-content\/uploads\/2013\/02\/2012_7.jpg\" rel=\"lightbox[224]\"><img loading=\"lazy\" decoding=\"async\" src=\"http:\/\/amigosinstitutohistoricodc.com.br\/wp-content\/uploads\/2013\/02\/2012_7.jpg\" alt=\"2012_7\" width=\"739\" height=\"944\" class=\"aligncenter size-full wp-image-250\" srcset=\"https:\/\/amigosinstitutohistoricodc.com.br\/wp-content\/uploads\/2013\/02\/2012_7.jpg 739w, https:\/\/amigosinstitutohistoricodc.com.br\/wp-content\/uploads\/2013\/02\/2012_7-234x300.jpg 234w\" sizes=\"(max-width: 739px) 100vw, 739px\" \/><\/a><\/p>\n<p><a href=\"http:\/\/amigosinstitutohistoricodc.com.br\/wp-content\/uploads\/2013\/02\/2012_8.jpg\" rel=\"lightbox[224]\"><img loading=\"lazy\" decoding=\"async\" src=\"http:\/\/amigosinstitutohistoricodc.com.br\/wp-content\/uploads\/2013\/02\/2012_8.jpg\" alt=\"2012_8\" width=\"739\" height=\"824\" class=\"aligncenter size-full wp-image-251\" srcset=\"https:\/\/amigosinstitutohistoricodc.com.br\/wp-content\/uploads\/2013\/02\/2012_8.jpg 739w, https:\/\/amigosinstitutohistoricodc.com.br\/wp-content\/uploads\/2013\/02\/2012_8-269x300.jpg 269w\" sizes=\"(max-width: 739px) 100vw, 739px\" \/><\/a><\/p>\n<p><a href=\"http:\/\/amigosinstitutohistoricodc.com.br\/wp-content\/uploads\/2013\/02\/2012_10.jpg\" rel=\"lightbox[224]\"><img loading=\"lazy\" decoding=\"async\" src=\"http:\/\/amigosinstitutohistoricodc.com.br\/wp-content\/uploads\/2013\/02\/2012_10.jpg\" alt=\"2012_10\" width=\"739\" height=\"932\" class=\"aligncenter size-full wp-image-259\" srcset=\"https:\/\/amigosinstitutohistoricodc.com.br\/wp-content\/uploads\/2013\/02\/2012_10.jpg 739w, https:\/\/amigosinstitutohistoricodc.com.br\/wp-content\/uploads\/2013\/02\/2012_10-237x300.jpg 237w\" sizes=\"(max-width: 739px) 100vw, 739px\" \/><\/a><\/p>\n","protected":false},"excerpt":{"rendered":"<p>PONTO DE CULTURA ASSOCIA\u00c7\u00c3O DOS AMIGOS DO INSTITUTO HIST\u00d3RICO PROJETO \u201cTECENDO AS A\u00c7\u00d5ES NO PRESENTE. CONSTRUINDO A CIDADANIA DO FUTURO\u201d. ATIVIDADES REALIZADAS 2012<\/p>\n","protected":false},"author":1,"featured_media":0,"parent":0,"menu_order":0,"comment_status":"open","ping_status":"open","template":"template_fullwidth.php","meta":{"footnotes":""},"_links":{"self":[{"href":"https:\/\/amigosinstitutohistoricodc.com.br\/index.php?rest_route=\/wp\/v2\/pages\/224"}],"collection":[{"href":"https:\/\/amigosinstitutohistoricodc.com.br\/index.php?rest_route=\/wp\/v2\/pages"}],"about":[{"href":"https:\/\/amigosinstitutohistoricodc.com.br\/index.php?rest_route=\/wp\/v2\/types\/page"}],"author":[{"embeddable":true,"href":"https:\/\/amigosinstitutohistoricodc.com.br\/index.php?rest_route=\/wp\/v2\/users\/1"}],"replies":[{"embeddable":true,"href":"https:\/\/amigosinstitutohistoricodc.com.br\/index.php?rest_route=%2Fwp%2Fv2%2Fcomments&post=224"}],"version-history":[{"count":6,"href":"https:\/\/amigosinstitutohistoricodc.com.br\/index.php?rest_route=\/wp\/v2\/pages\/224\/revisions"}],"predecessor-version":[{"id":260,"href":"https:\/\/amigosinstitutohistoricodc.com.br\/index.php?rest_route=\/wp\/v2\/pages\/224\/revisions\/260"}],"wp:attachment":[{"href":"https:\/\/amigosinstitutohistoricodc.com.br\/index.php?rest_route=%2Fwp%2Fv2%2Fmedia&parent=224"}],"curies":[{"name":"wp","href":"https:\/\/api.w.org\/{rel}","templated":true}]}}