{"id":223,"date":"2013-02-05T11:51:09","date_gmt":"2013-02-05T11:51:09","guid":{"rendered":"http:\/\/amigosinstitutohistoricodc.com.br\/?page_id=223"},"modified":"2013-02-06T10:54:01","modified_gmt":"2013-02-06T10:54:01","slug":"eventos-2011","status":"publish","type":"page","link":"https:\/\/amigosinstitutohistoricodc.com.br\/?page_id=223","title":{"rendered":"Eventos &#8211; 2011"},"content":{"rendered":"<p><center><strong>PONTO DE CULTURA ASSOCIA\u00c7\u00c3O DOS AMIGOS DO INSTITUTO HIST\u00d3RICO<br \/>\nPROJETO \u201cTECENDO AS A\u00c7\u00d5ES NO PRESENTE. CONSTRUINDO A CIDADANIA DO FUTURO\u201d.<br \/>\nATIVIDADES REALIZADAS 2011<\/strong><\/center><br \/>\n<a href=\"http:\/\/amigosinstitutohistoricodc.com.br\/wp-content\/uploads\/2013\/02\/teste.jpg\" rel=\"lightbox[223]\"><img loading=\"lazy\" decoding=\"async\" src=\"http:\/\/amigosinstitutohistoricodc.com.br\/wp-content\/uploads\/2013\/02\/teste.jpg\" alt=\"teste\" width=\"729\" height=\"791\" class=\"aligncenter size-full wp-image-231\" srcset=\"https:\/\/amigosinstitutohistoricodc.com.br\/wp-content\/uploads\/2013\/02\/teste.jpg 729w, https:\/\/amigosinstitutohistoricodc.com.br\/wp-content\/uploads\/2013\/02\/teste-276x300.jpg 276w\" sizes=\"(max-width: 729px) 100vw, 729px\" \/><\/a><a href=\"http:\/\/amigosinstitutohistoricodc.com.br\/wp-content\/uploads\/2013\/02\/teste2.jpg\" rel=\"lightbox[223]\"><img loading=\"lazy\" decoding=\"async\" src=\"http:\/\/amigosinstitutohistoricodc.com.br\/wp-content\/uploads\/2013\/02\/teste2.jpg\" alt=\"teste2\" width=\"739\" height=\"863\" class=\"aligncenter size-full wp-image-233\" srcset=\"https:\/\/amigosinstitutohistoricodc.com.br\/wp-content\/uploads\/2013\/02\/teste2.jpg 739w, https:\/\/amigosinstitutohistoricodc.com.br\/wp-content\/uploads\/2013\/02\/teste2-256x300.jpg 256w\" sizes=\"(max-width: 739px) 100vw, 739px\" \/><\/a><a href=\"http:\/\/amigosinstitutohistoricodc.com.br\/wp-content\/uploads\/2013\/02\/teste3.jpg\" rel=\"lightbox[223]\"><img loading=\"lazy\" decoding=\"async\" src=\"http:\/\/amigosinstitutohistoricodc.com.br\/wp-content\/uploads\/2013\/02\/teste3.jpg\" alt=\"teste3\" width=\"739\" height=\"921\" class=\"aligncenter size-full wp-image-235\" srcset=\"https:\/\/amigosinstitutohistoricodc.com.br\/wp-content\/uploads\/2013\/02\/teste3.jpg 739w, https:\/\/amigosinstitutohistoricodc.com.br\/wp-content\/uploads\/2013\/02\/teste3-240x300.jpg 240w\" sizes=\"(max-width: 739px) 100vw, 739px\" \/><\/a><a href=\"http:\/\/amigosinstitutohistoricodc.com.br\/wp-content\/uploads\/2013\/02\/teste4.jpg\" rel=\"lightbox[223]\"><img loading=\"lazy\" decoding=\"async\" src=\"http:\/\/amigosinstitutohistoricodc.com.br\/wp-content\/uploads\/2013\/02\/teste4.jpg\" alt=\"teste4\" width=\"739\" height=\"1010\" class=\"aligncenter size-full wp-image-237\" srcset=\"https:\/\/amigosinstitutohistoricodc.com.br\/wp-content\/uploads\/2013\/02\/teste4.jpg 739w, https:\/\/amigosinstitutohistoricodc.com.br\/wp-content\/uploads\/2013\/02\/teste4-219x300.jpg 219w\" sizes=\"(max-width: 739px) 100vw, 739px\" \/><\/a><a href=\"http:\/\/amigosinstitutohistoricodc.com.br\/wp-content\/uploads\/2013\/02\/teste5.jpg\" rel=\"lightbox[223]\"><img loading=\"lazy\" decoding=\"async\" src=\"http:\/\/amigosinstitutohistoricodc.com.br\/wp-content\/uploads\/2013\/02\/teste5.jpg\" alt=\"teste5\" width=\"739\" height=\"874\" class=\"aligncenter size-full wp-image-238\" srcset=\"https:\/\/amigosinstitutohistoricodc.com.br\/wp-content\/uploads\/2013\/02\/teste5.jpg 739w, https:\/\/amigosinstitutohistoricodc.com.br\/wp-content\/uploads\/2013\/02\/teste5-253x300.jpg 253w\" sizes=\"(max-width: 739px) 100vw, 739px\" \/><\/a><a href=\"http:\/\/amigosinstitutohistoricodc.com.br\/wp-content\/uploads\/2013\/02\/teste6.jpg\" rel=\"lightbox[223]\"><img loading=\"lazy\" decoding=\"async\" src=\"http:\/\/amigosinstitutohistoricodc.com.br\/wp-content\/uploads\/2013\/02\/teste6.jpg\" alt=\"teste6\" width=\"739\" height=\"1026\" class=\"aligncenter size-full wp-image-239\" srcset=\"https:\/\/amigosinstitutohistoricodc.com.br\/wp-content\/uploads\/2013\/02\/teste6.jpg 739w, https:\/\/amigosinstitutohistoricodc.com.br\/wp-content\/uploads\/2013\/02\/teste6-216x300.jpg 216w, https:\/\/amigosinstitutohistoricodc.com.br\/wp-content\/uploads\/2013\/02\/teste6-737x1024.jpg 737w\" sizes=\"(max-width: 739px) 100vw, 739px\" \/><\/a><a href=\"http:\/\/amigosinstitutohistoricodc.com.br\/wp-content\/uploads\/2013\/02\/teste7.jpg\" rel=\"lightbox[223]\"><img loading=\"lazy\" decoding=\"async\" src=\"http:\/\/amigosinstitutohistoricodc.com.br\/wp-content\/uploads\/2013\/02\/teste7.jpg\" alt=\"teste7\" width=\"739\" height=\"874\" class=\"aligncenter size-full wp-image-240\" srcset=\"https:\/\/amigosinstitutohistoricodc.com.br\/wp-content\/uploads\/2013\/02\/teste7.jpg 739w, https:\/\/amigosinstitutohistoricodc.com.br\/wp-content\/uploads\/2013\/02\/teste7-253x300.jpg 253w\" sizes=\"(max-width: 739px) 100vw, 739px\" \/><\/a><\/p>\n","protected":false},"excerpt":{"rendered":"<p>PONTO DE CULTURA ASSOCIA\u00c7\u00c3O DOS AMIGOS DO INSTITUTO HIST\u00d3RICO PROJETO \u201cTECENDO AS A\u00c7\u00d5ES NO PRESENTE. CONSTRUINDO A CIDADANIA DO FUTURO\u201d. ATIVIDADES REALIZADAS 2011<\/p>\n","protected":false},"author":1,"featured_media":0,"parent":0,"menu_order":0,"comment_status":"open","ping_status":"open","template":"template_fullwidth.php","meta":{"footnotes":""},"_links":{"self":[{"href":"https:\/\/amigosinstitutohistoricodc.com.br\/index.php?rest_route=\/wp\/v2\/pages\/223"}],"collection":[{"href":"https:\/\/amigosinstitutohistoricodc.com.br\/index.php?rest_route=\/wp\/v2\/pages"}],"about":[{"href":"https:\/\/amigosinstitutohistoricodc.com.br\/index.php?rest_route=\/wp\/v2\/types\/page"}],"author":[{"embeddable":true,"href":"https:\/\/amigosinstitutohistoricodc.com.br\/index.php?rest_route=\/wp\/v2\/users\/1"}],"replies":[{"embeddable":true,"href":"https:\/\/amigosinstitutohistoricodc.com.br\/index.php?rest_route=%2Fwp%2Fv2%2Fcomments&post=223"}],"version-history":[{"count":8,"href":"https:\/\/amigosinstitutohistoricodc.com.br\/index.php?rest_route=\/wp\/v2\/pages\/223\/revisions"}],"predecessor-version":[{"id":257,"href":"https:\/\/amigosinstitutohistoricodc.com.br\/index.php?rest_route=\/wp\/v2\/pages\/223\/revisions\/257"}],"wp:attachment":[{"href":"https:\/\/amigosinstitutohistoricodc.com.br\/index.php?rest_route=%2Fwp%2Fv2%2Fmedia&parent=223"}],"curies":[{"name":"wp","href":"https:\/\/api.w.org\/{rel}","templated":true}]}}