{"id":2,"date":"2012-07-03T15:01:36","date_gmt":"2012-07-03T15:01:36","guid":{"rendered":"http:\/\/amigosinstitutohistoricodc.com.br\/?page_id=2"},"modified":"2012-12-19T11:49:44","modified_gmt":"2012-12-19T11:49:44","slug":"pagina-exemplo","status":"publish","type":"page","link":"https:\/\/amigosinstitutohistoricodc.com.br\/?page_id=2","title":{"rendered":"ASAMIH"},"content":{"rendered":"<p><strong>PONTO DE CULTURA ASSOCIA\u00c7\u00c3O DOS AMIGOS DO INSTITUTO HIST\u00d3RICO<\/strong><\/p>\n<p><strong>PROJETO \u201cTECENDO AS A\u00c7\u00d5ES NO PRESENTE. CONSTRUINDO A CIDADANIA DO FUTURO\u201d.<\/strong><\/p>\n<p><strong>APRESENTA\u00c7\u00c3O<\/strong><br \/>\nA Associa\u00e7\u00e3o dos Amigos do Instituto Hist\u00f3rico \u2013 ASAMIH &#8211; foi criada em 2001 com o objetivo de a sociedade civil participar, acompanhar e apoiar as atividades do Instituto Hist\u00f3rico de Duque de Caxias. Desde ent\u00e3o, a Associa\u00e7\u00e3o dos Amigos do Instituto Hist\u00f3rico vem apoiando a preserva\u00e7\u00e3o dos documentos, organizando encontros, semin\u00e1rios, exposi\u00e7\u00f5es, lan\u00e7amento de livros, registro em audiovisual das mem\u00f3rias dos habitantes locais \u2013 do mais humilde \u00e0queles que ocuparam espa\u00e7os de poder.<br \/>\nA ASAMIH articulou-se com a rede p\u00fablica de ensino, apresentado filmes s\u00f3cio-educativos, curtas e document\u00e1rios, com destaque para a produ\u00e7\u00e3o nacional e promovendo o lan\u00e7amento de livros, CDs e cord\u00e9is. Tem participado como parceira das atividades realizadas pelo Centro de Refer\u00eancia Patrimonial e Hist\u00f3rico da cidade de Duque de Caxias, pelo Centro de Mem\u00f3ria da Educa\u00e7\u00e3o de Duque de Caxias, pelo Teatro Proc\u00f3pio Ferreira &#8211; p\u00fablico \u2013 e daquelas relacionadas \u00e0s comemora\u00e7\u00f5es do Dia da Baixada Fluminense. Participa do F\u00f3rum Cultural da Baixada Fluminense, do Conselho Municipal de Cultura e do Conselho Deliberativo do Centro de Refer\u00eancia Patrimonial e Hist\u00f3rico de Duque de Caxias e, periodicamente, \u00e9 convidada pelas r\u00e1dios locais a se apresentar em sua programa\u00e7\u00e3o.<br \/>\nAtualmente, o Instituto Hist\u00f3rico, apoiado pela Associa\u00e7\u00e3o dos Amigos, atende a um p\u00fablico de aproximadamente 5.000 pessoas por ano, entre artistas, pesquisadores, autores e visitante de um modo geral, sobretudo de escolas da regi\u00e3o. Destacamos os alunos das escolas p\u00fablicas da cidade, principalmente, os da rede municipal e o Instituto de Educa\u00e7\u00e3o Governador Roberto Silveira. O Instituto Hist\u00f3rico tamb\u00e9m recebe alunos-pesquisadores das universidades locais para consultar o seu acervo ou para a parceria na realiza\u00e7\u00e3o de semin\u00e1rios, encontros e congressos, e moradores que doam seus pertencem para compor o arquivo.<br \/>\nEm 2008, a ASAMIH foi contemplada pelo governo do Estado do Rio de Janeiro sendo considerada, desde ent\u00e3o, um Ponto de Cultura, com o projeto \u201cTecendo as a\u00e7\u00f5es no Presente. Construindo a cidadania do Futuro\u201d.<\/p>\n<p><strong>A RELA\u00c7\u00c3O QUE DA ASAMIH COM A COMUNIDADE EM SEU ENTORNO<\/strong><br \/>\nO Instituto Hist\u00f3rico possui um acervo relacionado \u00e0 Hist\u00f3ria da cidade de Duque de Caxias que est\u00e1 disponibilizado \u00e0 consulta. Seus sal\u00f5es abrigam uma exposi\u00e7\u00e3o permanente e que, na aus\u00eancia de galeria de artes na cidade, permanentemente recebe exposi\u00e7\u00f5es de artistas pl\u00e1sticos, fot\u00f3grafos e de institui\u00e7\u00f5es. Estas exposi\u00e7\u00f5es s\u00e3o abertas gratuitamente \u00e0 comunidade.<br \/>\nConcomitantemente a estas exposi\u00e7\u00f5es, s\u00e3o realizados lan\u00e7amento de livros, cord\u00e9is e v\u00eddeos, quase todos relacionados \u00e0 Hist\u00f3ria de Duque de Caxias. A sala de v\u00eddeo \u00e9 utilizada por pesquisadores que solicitam, com hor\u00e1rio previamente marcado, assistir v\u00eddeos relacionados \u00e0 sua pesquisa e que fazem parte de nosso acervo. As escolas das redes de ensino p\u00fablica e privada agendam visitas \u00e0s exposi\u00e7\u00f5es ou para assistirem filmes. Os centros de pesquisa, as universidades e associa\u00e7\u00f5es promovem neste espa\u00e7o o lan\u00e7amento de livros, v\u00eddeos, semin\u00e1rios, encontros e confer\u00eancias. Parte do acervo que foi digitalizado e se encontra em banners s\u00e3o disponibilizados \u00e0s escolas para exposi\u00e7\u00e3o itinerante. O Instituto Hist\u00f3rico publica e distribui gratuitamente a Revista Pilares da Hist\u00f3ria, com textos sobre Duque de Caxias e Baixada Fluminense.<br \/>\nA partir das parcerias e experi\u00eancia adquirida com o Museu da Pessoa e com as institui\u00e7\u00f5es locais, a Associa\u00e7\u00e3o dos Amigos promove, aberto \u00e0 comunidade, os registros audiovisuais \u201cCaf\u00e9 Com Hist\u00f3ria\u201d, \u201cConversas Interessantes\u201d e \u201cRoda de Mem\u00f3rias\u201d, este com parceria do CRPH e do CEPEMHED. O registro \u00e9 anexado ao acervo e disponibilizado a comunidade para pesquisa. Os estudos de campo \u201cCaminhos de F\u00e9\u201d \u2013 atividade que consiste na visita\u00e7\u00e3o no patrim\u00f4nio hist\u00f3rico e religioso da cidade de Duque de Caxias, \u201cOs Caminhos Ouro\u201d, visita aos caminhos que cortavam a regi\u00e3o ligando o Rio de Janeiro a Minas Gerais e os estudos \u201cTrilhas dos Caminhos Ambientais\u201d, \u201cMuseu Vivo do S\u00e3o Bento\u201d e \u201cConhecendo Duque de Caxias atrav\u00e9s da C\u00e2mara Municipal\u201d s\u00e3o oferecidos \u00e0s escolas e \u00e0 comunidade, atrav\u00e9s de consulta pr\u00e9via. A comunidade participa de todas as atividades promovidas pela Associa\u00e7\u00e3o dos Amigos do Instituto Hist\u00f3rico e, em algumas delas, at\u00e9 mesmo de seu planejamento e execu\u00e7\u00e3o.<\/p>\n<p><strong>PRINCIPAIS ATIVIDADES<\/strong><\/p>\n<p>Quais s\u00e3o as principais atividades culturais desenvolvidas pela institui\u00e7\u00e3o?<\/p>\n<p>&#8211; Apoio a guarda de acervo relacionado \u00e0 Hist\u00f3ria da cidade de Duque de Caxias.<br \/>\n&#8211; Disponibiliza\u00e7\u00e3o do acervo \u00e0 consulta.<br \/>\n&#8211; Exposi\u00e7\u00f5es de artistas pl\u00e1sticos da cidade.<br \/>\n&#8211; Exposi\u00e7\u00f5es de fotografias.<br \/>\n&#8211; Exposi\u00e7\u00e3o sobre a trajet\u00f3ria de institui\u00e7\u00f5es da cidade.<br \/>\n&#8211; Exposi\u00e7\u00e3o \u201cA Baixada Fluminense dos Viajantes\u201d \u2013 que foi instalada nas igrejas dos \u201cCaminhos da F\u00e9\u201d.<br \/>\n&#8211; Lan\u00e7amento de livros, v\u00eddeos e cord\u00e9is.<br \/>\n&#8211; Apresenta\u00e7\u00e3o de v\u00eddeos, filmes e document\u00e1rios.<br \/>\n&#8211; Organiza\u00e7\u00e3o de encontros, semin\u00e1rios e confer\u00eancias.<br \/>\n&#8211; Registro em audiovisual das mem\u00f3rias dos habitantes locais.<br \/>\n&#8211; Organiza\u00e7\u00e3o de atividades de campo: \u201cCaminhos da F\u00e9\u201d, \u201cCaminhos do Ouro\u201d e \u201cConhecendo Caxias\u201d.<br \/>\n&#8211; Apoio a publica\u00e7\u00e3o da Revista Pilares da Hist\u00f3ria\u201d<\/p>\n<p><center><img decoding=\"async\" src=\"http:\/\/amigosinstitutohistoricodc.com.br\/wp-content\/uploads\/2012\/12\/foto1.jpg\" alt=\"\" title=\"\" \/><br \/>\n<a href=\"http:\/\/amigosinstitutohistoricodc.com.br\/?page_id=11\" target=\"_blank\">Clique aqui e acesse nossa galeria de imagens!<\/a><\/center><\/p>\n<p><strong>PUBLICA\u00c7\u00d5ES COM APOIO DA ASAMIH<\/strong><\/p>\n<p>&#8211; Revista Pilares da Hist\u00f3ria &#8211; Duque de Caxias e da Baixada Fluminense (14 edi\u00e7\u00f5es com tiragem de 1.000 exemplares cada);<br \/>\n&#8211; CD Caderno de Cartografia da Baixada Fluminense (em parceria com o Centro de Refer\u00eancia Patrimonial e Hist\u00f3rico de Duque de Caxias);<br \/>\n&#8211; LACERDA, St\u00e9lio. Pelos Caminhos que a Hist\u00f3ria Deixou: Passeios culturais aos principais s\u00edtios e monumentos hist\u00f3ricos de Duque de Caxias e munic\u00edpios circunvizinhos (1992-1994). Rio de Janeiro: Renascer, 2004.<br \/>\n&#8211; LACERDA, St\u00e9lio. A f\u00e1brica de tecidos do \u201cCorte Oito\u201d. Duque de Caxias, RJ: Portal Liter\u00e1rio, 2007.<br \/>\n&#8211; LACERDA, St\u00e9lio. Antes que o tempo apague. Rio de Janeiro, RJ: Portal Liter\u00e1rio Editora, 2007.<br \/>\n&#8211; LACERDA, St\u00e9lio. Caxias de ontem: um pouco de mem\u00f3ria. Rio de Janeiro, RJ: F\u00e1brica de Livros \u2013 SENAI\/RJ, 2003.<br \/>\n&#8211; FREIRE, Elyseu Adail de Alvarenga; TORRES, Rog\u00e9rio. O Coronel Elyseu e o<br \/>\nseu tempo. Duque de Caxias: Asamih \/ Ipahb, 2010.<\/p>\n<p><strong>PESQUISAS REALIZADAS SOBRE A ASAMIH<\/strong><br \/>\n&#8211; \u201cLugar meu amigo \u00e9 a minha Baixada\u201d, Ana Lucia Enne<br \/>\n&#8211; \u201cMilitantes da cultura numa \u00e1rea perif\u00e9rica\u201d, Alexandre dos Santos Marques.<\/p>\n<p><strong>PESQUISAS REALIZADAS COM APOIO DA ASAMIH<\/strong><\/p>\n<p>ALMEIDA, Tania Maria da Silva Amaro de. Olhares sobre uma Cidade Refletida: Mem\u00f3ria e Representa\u00e7\u00f5es de Santos Lemos sobre Duque de Caxias (1950-1980). Duque de Caxias: UNIGRANRIO, 2012.<\/p>\n<p>BRAZ, Antonio Augusto. Vidas em Transi\u00e7\u00e3o: A Cidade e a Vida na Cidade em Duque de Caxias (RJ) nas D\u00e9cadas de 30, 40 e 50 do S\u00e9culo XX. Disserta\u00e7\u00e3o de Mestrado. Vassouras: USS, 2006.<\/p>\n<p>BEZERRA, Nielson Rosa. As conflu\u00eancias da escravid\u00e3o no Rec\u00f4ncavo da Guanabara: Igua\u00e7u e Estrela (1833-1888). Disserta\u00e7\u00e3o de mestrado. Vassouras: Universidade Severino Sombra, 2003.<\/p>\n<p>MARQUES, Alexandre dos Santos. Militantes da Cultura numa \u00c1rea Perif\u00e9rica. Disserta\u00e7\u00e3o de mestrado. Vassouras: Universidade Severino Sombra, 2005.<\/p>\n<p>SOUZA, Marlucia Santos de. Escavando o passado da cidade. A constru\u00e7\u00e3o do poder pol\u00edtico local em Duque de Caxias \/ 1900-1964. Disserta\u00e7\u00e3o de Mestrado. Niter\u00f3i: Universidade Federal Fluminense, 2002.<\/p>\n<p>&#8212;&#8212;&#8212;&#8212;&#8212;&#8212;&#8212;&#8212;&#8212;&#8212;&#8212;&#8212;&#8212;&#8212;&#8212;&#8212;&#8212;&#8212;&#8212;&#8212;&#8212;&#8212;&#8212;&#8212;&#8212;&#8212;&#8212;&#8212;&#8212;&#8212;<\/p>\n<p>&#8211; A Associa\u00e7\u00e3o dos Amigos do Instituto Hist\u00f3rico apoia a realiza\u00e7\u00e3o de:<\/p>\n<p>* Registro audiovisual \u201cCaf\u00e9 com Hist\u00f3ria\u201d.<\/p>\n<p>* Cursos sobre a Hist\u00f3ria de Duque de Caxias e da Baixada Fluminense.<\/p>\n<p>* Exposi\u00e7\u00e3o \u201cA Baixada Fluminense dos Viajantes\u201d, que se encontra nas igrejas dos s\u00e9culos XVII e XVIII, no munic\u00edpio de Duque de Caxias, parceria com CRPH\/DC.<\/p>\n","protected":false},"excerpt":{"rendered":"<p>PONTO DE CULTURA ASSOCIA\u00c7\u00c3O DOS AMIGOS DO INSTITUTO HIST\u00d3RICO PROJETO \u201cTECENDO AS A\u00c7\u00d5ES NO PRESENTE. CONSTRUINDO A CIDADANIA DO FUTURO\u201d. APRESENTA\u00c7\u00c3O A Associa\u00e7\u00e3o dos Amigos do Instituto Hist\u00f3rico \u2013 ASAMIH &#8211; foi criada em 2001 com o objetivo de a sociedade civil participar, acompanhar e apoiar as atividades do Instituto Hist\u00f3rico de Duque de Caxias. [&hellip;]<\/p>\n","protected":false},"author":1,"featured_media":0,"parent":0,"menu_order":0,"comment_status":"open","ping_status":"open","template":"","meta":{"footnotes":""},"_links":{"self":[{"href":"https:\/\/amigosinstitutohistoricodc.com.br\/index.php?rest_route=\/wp\/v2\/pages\/2"}],"collection":[{"href":"https:\/\/amigosinstitutohistoricodc.com.br\/index.php?rest_route=\/wp\/v2\/pages"}],"about":[{"href":"https:\/\/amigosinstitutohistoricodc.com.br\/index.php?rest_route=\/wp\/v2\/types\/page"}],"author":[{"embeddable":true,"href":"https:\/\/amigosinstitutohistoricodc.com.br\/index.php?rest_route=\/wp\/v2\/users\/1"}],"replies":[{"embeddable":true,"href":"https:\/\/amigosinstitutohistoricodc.com.br\/index.php?rest_route=%2Fwp%2Fv2%2Fcomments&post=2"}],"version-history":[{"count":14,"href":"https:\/\/amigosinstitutohistoricodc.com.br\/index.php?rest_route=\/wp\/v2\/pages\/2\/revisions"}],"predecessor-version":[{"id":84,"href":"https:\/\/amigosinstitutohistoricodc.com.br\/index.php?rest_route=\/wp\/v2\/pages\/2\/revisions\/84"}],"wp:attachment":[{"href":"https:\/\/amigosinstitutohistoricodc.com.br\/index.php?rest_route=%2Fwp%2Fv2%2Fmedia&parent=2"}],"curies":[{"name":"wp","href":"https:\/\/api.w.org\/{rel}","templated":true}]}}