{"id":11,"date":"2012-07-09T12:53:57","date_gmt":"2012-07-09T12:53:57","guid":{"rendered":"http:\/\/amigosinstitutohistoricodc.com.br\/?page_id=11"},"modified":"2012-12-19T16:10:46","modified_gmt":"2012-12-19T16:10:46","slug":"galeria-de-fotos","status":"publish","type":"page","link":"https:\/\/amigosinstitutohistoricodc.com.br\/?page_id=11","title":{"rendered":"Galeria de Fotos"},"content":{"rendered":"<div class=\"one_half\"><center><img decoding=\"async\" src=\"http:\/\/amigosinstitutohistoricodc.com.br\/wp-content\/uploads\/2012\/12\/galeria1.jpg\" alt=\"\" title=\"\" \/> Atendimento a pesquisas<\/div>\n<div class=\"one_half last\"><center><img decoding=\"async\" src=\"http:\/\/amigosinstitutohistoricodc.com.br\/wp-content\/uploads\/2012\/12\/galeria2.jpg\" alt=\"\" title=\"\" \/> Palestras<\/div>\n<div class=\"clear\"><\/div>\n<p><P><\/p>\n<div class=\"one_half\"><center><img decoding=\"async\" src=\"http:\/\/amigosinstitutohistoricodc.com.br\/wp-content\/uploads\/2012\/12\/galeria3.jpg\" alt=\"\" title=\"\" \/> Congressos<\/div>\n<div class=\"one_half last\"><center><img decoding=\"async\" src=\"http:\/\/amigosinstitutohistoricodc.com.br\/wp-content\/uploads\/2012\/12\/galeria4.jpg\" alt=\"\" title=\"\" \/> Congressos<\/div>\n<div class=\"clear\"><\/div>\n<p><P><\/p>\n<div class=\"one_half\"><center><img decoding=\"async\" src=\"http:\/\/amigosinstitutohistoricodc.com.br\/wp-content\/uploads\/2012\/12\/galeria5.jpg\" alt=\"\" title=\"\" \/> Entrevistas<\/div>\n<div class=\"one_half last\"><center><img decoding=\"async\" src=\"http:\/\/amigosinstitutohistoricodc.com.br\/wp-content\/uploads\/2012\/12\/galeria6.jpg\" alt=\"\" title=\"\" \/> Caf\u00e9 com hist\u00f3ria<\/div>\n<div class=\"clear\"><\/div>\n<p><P><\/p>\n<div class=\"one_half\"><center><img decoding=\"async\" src=\"http:\/\/amigosinstitutohistoricodc.com.br\/wp-content\/uploads\/2012\/12\/galeria7.jpg\" alt=\"\" title=\"\" \/> Lan\u00e7amento da revista Pilares da Hist\u00f3ria, com apoio do curso de hist\u00f3ria e mestrado em letras e ci\u00eancias humanas da Unigranrio<\/div>\n<div class=\"one_half last\"><center><img decoding=\"async\" src=\"http:\/\/amigosinstitutohistoricodc.com.br\/wp-content\/uploads\/2012\/12\/galeria8.jpg\" alt=\"\" title=\"\" \/> Oficinas, apoiando a AAPH-CLIO<\/div>\n<div class=\"clear\"><\/div>\n<p><P><\/p>\n<div class=\"one_half\"><center><img decoding=\"async\" src=\"http:\/\/amigosinstitutohistoricodc.com.br\/wp-content\/uploads\/2012\/12\/galeria9.jpg\" alt=\"\" title=\"\" \/> Homenagem a profissionais de destaque na Educa\u00e7\u00e3o e Cultura da Baixada Fluminense atrav\u00e9s de indica\u00e7\u00e3o da ASAMIH<\/div>\n<div class=\"one_half last\"><center><img decoding=\"async\" src=\"http:\/\/amigosinstitutohistoricodc.com.br\/wp-content\/uploads\/2012\/12\/galeria10.jpg\" alt=\"\" title=\"\" \/> Lan\u00e7amento de livros<\/div>\n<div class=\"clear\"><\/div>\n<p><P><\/p>\n<div class=\"one_half\"><center><img decoding=\"async\" src=\"http:\/\/amigosinstitutohistoricodc.com.br\/wp-content\/uploads\/2012\/12\/galeria11.jpg\" alt=\"\" title=\"\" \/> Oficina de capoeira<\/div>\n<div class=\"one_half last\"><center><img decoding=\"async\" src=\"http:\/\/amigosinstitutohistoricodc.com.br\/wp-content\/uploads\/2012\/12\/galeria12.jpg\" alt=\"\" title=\"\" \/> Apoio a atividades<\/div>\n<div class=\"clear\"><\/div>\n<p><P><\/p>\n","protected":false},"excerpt":{"rendered":"","protected":false},"author":1,"featured_media":0,"parent":0,"menu_order":0,"comment_status":"open","ping_status":"open","template":"template_fullwidth.php","meta":{"footnotes":""},"_links":{"self":[{"href":"https:\/\/amigosinstitutohistoricodc.com.br\/index.php?rest_route=\/wp\/v2\/pages\/11"}],"collection":[{"href":"https:\/\/amigosinstitutohistoricodc.com.br\/index.php?rest_route=\/wp\/v2\/pages"}],"about":[{"href":"https:\/\/amigosinstitutohistoricodc.com.br\/index.php?rest_route=\/wp\/v2\/types\/page"}],"author":[{"embeddable":true,"href":"https:\/\/amigosinstitutohistoricodc.com.br\/index.php?rest_route=\/wp\/v2\/users\/1"}],"replies":[{"embeddable":true,"href":"https:\/\/amigosinstitutohistoricodc.com.br\/index.php?rest_route=%2Fwp%2Fv2%2Fcomments&post=11"}],"version-history":[{"count":9,"href":"https:\/\/amigosinstitutohistoricodc.com.br\/index.php?rest_route=\/wp\/v2\/pages\/11\/revisions"}],"predecessor-version":[{"id":207,"href":"https:\/\/amigosinstitutohistoricodc.com.br\/index.php?rest_route=\/wp\/v2\/pages\/11\/revisions\/207"}],"wp:attachment":[{"href":"https:\/\/amigosinstitutohistoricodc.com.br\/index.php?rest_route=%2Fwp%2Fv2%2Fmedia&parent=11"}],"curies":[{"name":"wp","href":"https:\/\/api.w.org\/{rel}","templated":true}]}}